{"id":692,"date":"2024-07-18T04:05:28","date_gmt":"2024-07-18T04:05:28","guid":{"rendered":"https:\/\/senvix.io\/terminos-de-uso\/"},"modified":"2026-02-18T10:38:26","modified_gmt":"2026-02-18T10:38:26","slug":"terminos-de-uso","status":"publish","type":"page","link":"https:\/\/phlintrentmereai.com\/es\/terminos-de-uso\/","title":{"rendered":"T\u00e9rminos de uso"},"content":{"rendered":"\t\t<div data-elementor-type=\"wp-page\" data-elementor-id=\"692\" class=\"elementor elementor-692 elementor-81\" data-elementor-settings=\"{&quot;ha_cmc_init_switcher&quot;:&quot;no&quot;}\" data-elementor-post-type=\"page\">\n\t\t\t\t\t\t<section class=\"elementor-section elementor-top-section elementor-element elementor-element-74e95e84 elementor-section-full_width elementor-section-height-default elementor-section-height-default\" data-id=\"74e95e84\" data-element_type=\"section\" data-e-type=\"section\" data-settings=\"{&quot;background_background&quot;:&quot;classic&quot;,&quot;_ha_eqh_enable&quot;:false}\">\n\t\t\t\t\t\t<div class=\"elementor-container elementor-column-gap-default\">\n\t\t\t\t\t<div class=\"elementor-column elementor-col-100 elementor-top-column elementor-element elementor-element-76acfa33\" data-id=\"76acfa33\" data-element_type=\"column\" data-e-type=\"column\">\n\t\t\t<div class=\"elementor-widget-wrap elementor-element-populated\">\n\t\t\t\t\t\t<section class=\"elementor-section elementor-inner-section elementor-element elementor-element-254ce586 elementor-section-height-min-height elementor-section-boxed elementor-section-height-default\" data-id=\"254ce586\" data-element_type=\"section\" data-e-type=\"section\" data-settings=\"{&quot;background_background&quot;:&quot;classic&quot;,&quot;_ha_eqh_enable&quot;:false}\">\n\t\t\t\t\t\t<div class=\"elementor-container elementor-column-gap-default\">\n\t\t\t\t\t<div class=\"elementor-column elementor-col-50 elementor-inner-column elementor-element elementor-element-4438e4d2\" data-id=\"4438e4d2\" data-element_type=\"column\" data-e-type=\"column\">\n\t\t\t<div class=\"elementor-widget-wrap elementor-element-populated\">\n\t\t\t\t\t\t<div class=\"elementor-element elementor-element-3f1b815e elementor-widget elementor-widget-heading\" data-id=\"3f1b815e\" data-element_type=\"widget\" data-e-type=\"widget\" data-widget_type=\"heading.default\">\n\t\t\t\t<div class=\"elementor-widget-container\">\n\t\t\t\t\t<h2 class=\"elementor-heading-title elementor-size-default\">T\u00e9rminos de uso<\/h2>\t\t\t\t<\/div>\n\t\t\t\t<\/div>\n\t\t\t\t<div class=\"elementor-element elementor-element-5e1f9ae6 elementor-widget elementor-widget-text-editor\" data-id=\"5e1f9ae6\" data-element_type=\"widget\" data-e-type=\"widget\" data-widget_type=\"text-editor.default\">\n\t\t\t\t<div class=\"elementor-widget-container\">\n\t\t\t\t\t\t\t\t\t<p>\u00daltima actualizaci\u00f3n: 26\/12\/2024<\/p>\t\t\t\t\t\t\t\t<\/div>\n\t\t\t\t<\/div>\n\t\t\t\t\t<\/div>\n\t\t<\/div>\n\t\t\t\t<div class=\"elementor-column elementor-col-50 elementor-inner-column elementor-element elementor-element-4a2d216a\" data-id=\"4a2d216a\" data-element_type=\"column\" data-e-type=\"column\">\n\t\t\t<div class=\"elementor-widget-wrap\">\n\t\t\t\t\t\t\t<\/div>\n\t\t<\/div>\n\t\t\t\t\t<\/div>\n\t\t<\/section>\n\t\t\t\t\t<\/div>\n\t\t<\/div>\n\t\t\t\t\t<\/div>\n\t\t<\/section>\n\t\t\t\t<section class=\"elementor-section elementor-top-section elementor-element elementor-element-fa15d25 elementor-section-boxed elementor-section-height-default elementor-section-height-default\" data-id=\"fa15d25\" data-element_type=\"section\" data-e-type=\"section\" data-settings=\"{&quot;_ha_eqh_enable&quot;:false}\">\n\t\t\t\t\t\t<div class=\"elementor-container elementor-column-gap-default\">\n\t\t\t\t\t<div class=\"elementor-column elementor-col-100 elementor-top-column elementor-element elementor-element-222eef49\" data-id=\"222eef49\" data-element_type=\"column\" data-e-type=\"column\">\n\t\t\t<div class=\"elementor-widget-wrap elementor-element-populated\">\n\t\t\t\t\t\t<div class=\"elementor-element elementor-element-17ee59f elementor-widget elementor-widget-text-editor\" data-id=\"17ee59f\" data-element_type=\"widget\" data-e-type=\"widget\" data-widget_type=\"text-editor.default\">\n\t\t\t\t<div class=\"elementor-widget-container\">\n\t\t\t\t\t\t\t\t\t<h3>1. Introducci\u00f3n<\/h3><p><strong>1.1<\/strong> Le damos la bienvenida a nuestro sitio web, Phlint Rentmere, <a href=\"https:\/\/phlintrentmereai.com\/es\/\">phlintrentmereai.com<\/a> (\u00abSitio\u00bb).  <\/p><p><strong>1.2<\/strong> Nuestro Sitio es un repositorio de informaci\u00f3n sobre plataformas de trading de terceros (\u00abPlataformas de terceros\u00bb) y los servicios correspondientes (\u00abServicios\u00bb).<\/p><p><strong>1.3<\/strong> Su (\u00abUsted\u00bb, \u00abSu\u00bb o \u00abUsuario\u00bb) uso de nuestro Sitio y Servicios se rige por los presentes T\u00e9rminos de uso (\u00abT\u00e9rminos\u00bb). Le recomendamos que lea estos T\u00e9rminos detenidamente. Su acceso o uso de nuestro Sitio y Servicios implica su aceptaci\u00f3n de los T\u00e9rminos. Si no est\u00e1 de acuerdo con alg\u00fan aspecto de estos T\u00e9rminos, deber\u00e1 abstenerse de utilizar nuestro Sitio y Servicios.   <\/p><p><strong>1.4<\/strong> Nuestra Pol\u00edtica de privacidad forma parte integrante de estos T\u00e9rminos. Al aceptar estos T\u00e9rminos, usted acepta y consiente autom\u00e1ticamente nuestra <a href=\"https:\/\/phlintrentmereai.com\/privacy-policy\/\">Pol\u00edtica de privacidad<\/a>. <\/p><h3>2. Requisitos<\/h3><p><strong>2.1<\/strong> Para utilizar nuestro Sitio y Servicios, aseg\u00farese de que:<\/p><p><strong>2.1.1<\/strong> Tiene al menos 18 a\u00f1os;<\/p><p><strong>2.1.2<\/strong> Posee el derecho, la autoridad y la capacidad para aceptar estos T\u00e9rminos y cumplirlos;<\/p><p><strong>2.1.3<\/strong> No tiene ning\u00fan impedimento legal para utilizar nuestro Sitio y Servicios conforme a sus leyes locales.<\/p><h3>3. Zonas restringidas<\/h3><p><strong>3.1<\/strong> Ciertos territorios o perfiles de usuarios pueden estar sujetos a restricciones o a la prohibici\u00f3n de acceso a nuestro Sitio y Servicios por motivos legales, normativos o de gesti\u00f3n de riesgos.<\/p><p><strong>3.2<\/strong> Los usuarios de determinados pa\u00edses pueden tener que cumplir condiciones o requisitos adicionales. Al acceder a cualquiera de los Territorios restringidos, es posible que nuestro Sitio y Servicios no est\u00e9n disponibles o est\u00e9n bloqueados. <\/p><h3>4. Actividades prohibidas<\/h3><p><strong>4.1<\/strong> Al utilizar nuestro Sitio y Servicios, abst\u00e9ngase de realizar actividades que:<\/p><p><strong>4.1.1<\/strong> Infrinjan cualquier derecho, incluidos los derechos de propiedad intelectual, los derechos de privacidad u otros derechos;<\/p><p><strong>4.1.2<\/strong> Incluyan contenido da\u00f1ino, ofensivo, difamatorio, racista o inadecuado;<\/p><p><strong>4.1.3<\/strong> Implican el despliegue de virus o software malicioso;<\/p><p><strong>4.1.4<\/strong> Infrinjan cualquier ley;<\/p><p><strong>4.1.5<\/strong> Interrumpan el uso del Sitio o de los Servicios por parte de otros Usuarios.<\/p><h3>5. Derechos de propiedad intelectual<\/h3><p><strong>5.1<\/strong> El contenido de nuestro Sitio, incluidos textos, gr\u00e1ficos, logotipos y software, nos pertenece a nosotros o a nuestros licenciantes y est\u00e1 protegido por las leyes de propiedad intelectual.<\/p><p><strong>5.2<\/strong> Su uso de nuestro Sitio y Servicios no le confiere ning\u00fan derecho sobre nuestra propiedad intelectual ni sobre la de terceros.<\/p><h3>6. Limitaci\u00f3n de responsabilidad<\/h3><p><strong>6.1<\/strong> El Sitio y los Servicios se ofrecen \u00abtal cual\u00bb y \u00abseg\u00fan disponibilidad\u00bb, sin garant\u00edas expresas o impl\u00edcitas sobre la exactitud, fiabilidad, idoneidad o disponibilidad del Sitio, los Servicios o los gr\u00e1ficos relacionados.<\/p><p><strong>6.2<\/strong> No asumimos responsabilidad alguna por p\u00e9rdidas o da\u00f1os, directos o indirectos, derivados de o relacionados con el uso de nuestro Sitio o Servicios.<\/p><h3>7. Servicios o contenido de terceros<\/h3><p><strong>7.1<\/strong> Nuestros Servicios pueden incluir contenido o servicios proporcionados por terceros. No controlamos, respaldamos ni asumimos responsabilidad alguna por dicho contenido o servicios. <\/p><h3>8. Enlaces a otros sitios web<\/h3><p><strong>8.1<\/strong> En nuestro Sitio pueden incluirse enlaces a sitios web de terceros para su comodidad. No ejercemos control alguno sobre dichos sitios o recursos y no aceptamos responsabilidad por ellos. <\/p><h3>9. Cambios en estos T\u00e9rminos<\/h3><p><strong>9.1<\/strong> Nos reservamos el derecho de modificar estos T\u00e9rminos cuando sea necesario. Le informaremos de cualquier cambio publicando los T\u00e9rminos actualizados en esta p\u00e1gina. <\/p><p><strong>9.2<\/strong> Revise estos T\u00e9rminos peri\u00f3dicamente para comprobar si hay cambios. Cualquier modificaci\u00f3n de estos T\u00e9rminos entrar\u00e1 en vigor en el momento de su publicaci\u00f3n en esta p\u00e1gina. <\/p><h3>10. Terminaci\u00f3n<\/h3><p><strong>10.1<\/strong> Nos reservamos el derecho de rescindir o suspender su acceso a nuestro Sitio y Servicios de forma inmediata, sin previo aviso ni responsabilidad, si usted incumple estos T\u00e9rminos.<\/p><h3>11. Ley aplicable y jurisdicci\u00f3n<\/h3><p><strong>11.1<\/strong> Estos T\u00e9rminos se interpretar\u00e1n y regir\u00e1n por las leyes de la jurisdicci\u00f3n de nuestra empresa, con independencia de sus disposiciones sobre conflicto de leyes.<\/p><p><strong>11.2<\/strong> Usted acepta la jurisdicci\u00f3n exclusiva de los tribunales de la jurisdicci\u00f3n de nuestra empresa para la resoluci\u00f3n de cualquier disputa derivada de estos T\u00e9rminos o del Sitio o los Servicios.<\/p>\t\t\t\t\t\t\t\t<\/div>\n\t\t\t\t<\/div>\n\t\t\t\t\t<\/div>\n\t\t<\/div>\n\t\t\t\t\t<\/div>\n\t\t<\/section>\n\t\t\t\t<\/div>\n\t\t","protected":false},"excerpt":{"rendered":"<p>T\u00e9rminos de uso \u00daltima actualizaci\u00f3n: 26\/12\/2024 1. Introducci\u00f3n 1.1 Le damos la bienvenida a nuestro sitio web, Phlint Rentmere, phlintrentmereai.com (\u00abSitio\u00bb). 1.2 Nuestro Sitio es un repositorio de informaci\u00f3n sobre plataformas de trading de terceros (\u00abPlataformas de terceros\u00bb) y los servicios correspondientes (\u00abServicios\u00bb). 1.3 Su (\u00abUsted\u00bb, \u00abSu\u00bb o \u00abUsuario\u00bb) uso de nuestro Sitio y Servicios [&hellip;]<\/p>\n","protected":false},"author":4,"featured_media":0,"parent":0,"menu_order":0,"comment_status":"closed","ping_status":"closed","template":"","meta":{"footnotes":""},"class_list":["post-692","page","type-page","status-publish","hentry"],"_links":{"self":[{"href":"https:\/\/phlintrentmereai.com\/es\/wp-json\/wp\/v2\/pages\/692","targetHints":{"allow":["GET"]}}],"collection":[{"href":"https:\/\/phlintrentmereai.com\/es\/wp-json\/wp\/v2\/pages"}],"about":[{"href":"https:\/\/phlintrentmereai.com\/es\/wp-json\/wp\/v2\/types\/page"}],"author":[{"embeddable":true,"href":"https:\/\/phlintrentmereai.com\/es\/wp-json\/wp\/v2\/users\/4"}],"replies":[{"embeddable":true,"href":"https:\/\/phlintrentmereai.com\/es\/wp-json\/wp\/v2\/comments?post=692"}],"version-history":[{"count":2,"href":"https:\/\/phlintrentmereai.com\/es\/wp-json\/wp\/v2\/pages\/692\/revisions"}],"predecessor-version":[{"id":694,"href":"https:\/\/phlintrentmereai.com\/es\/wp-json\/wp\/v2\/pages\/692\/revisions\/694"}],"wp:attachment":[{"href":"https:\/\/phlintrentmereai.com\/es\/wp-json\/wp\/v2\/media?parent=692"}],"curies":[{"name":"wp","href":"https:\/\/api.w.org\/{rel}","templated":true}]}}