{"id":695,"date":"2024-07-18T04:05:28","date_gmt":"2024-07-18T04:05:28","guid":{"rendered":"https:\/\/senvix.io\/registrarse\/"},"modified":"2026-02-18T10:38:26","modified_gmt":"2026-02-18T10:38:26","slug":"registrarse","status":"publish","type":"page","link":"https:\/\/phlintrentmereai.com\/es\/registrarse\/","title":{"rendered":"Registrarse"},"content":{"rendered":"\t\t<div data-elementor-type=\"wp-page\" data-elementor-id=\"695\" class=\"elementor elementor-695 elementor-75\" data-elementor-settings=\"{&quot;ha_cmc_init_switcher&quot;:&quot;no&quot;}\" data-elementor-post-type=\"page\">\n\t\t\t\t\t\t<section class=\"elementor-section elementor-top-section elementor-element elementor-element-39a33618 elementor-section-content-middle elementor-section-boxed elementor-section-height-default elementor-section-height-default\" data-id=\"39a33618\" data-element_type=\"section\" data-e-type=\"section\" data-settings=\"{&quot;background_background&quot;:&quot;classic&quot;,&quot;_ha_eqh_enable&quot;:false}\">\n\t\t\t\t\t\t<div class=\"elementor-container elementor-column-gap-default\">\n\t\t\t\t\t<div class=\"elementor-column elementor-col-50 elementor-top-column elementor-element elementor-element-b9b2e7f\" data-id=\"b9b2e7f\" data-element_type=\"column\" data-e-type=\"column\">\n\t\t\t<div class=\"elementor-widget-wrap elementor-element-populated\">\n\t\t\t\t\t\t<div class=\"elementor-element elementor-element-333f02a4 elementor-widget__width-initial elementor-widget elementor-widget-heading\" data-id=\"333f02a4\" data-element_type=\"widget\" data-e-type=\"widget\" data-widget_type=\"heading.default\">\n\t\t\t\t<div class=\"elementor-widget-container\">\n\t\t\t\t\t<h2 class=\"elementor-heading-title elementor-size-default\">Registrarse<\/h2>\t\t\t\t<\/div>\n\t\t\t\t<\/div>\n\t\t\t\t\t<\/div>\n\t\t<\/div>\n\t\t\t\t<div class=\"elementor-column elementor-col-50 elementor-top-column elementor-element elementor-element-2ad85a4\" data-id=\"2ad85a4\" data-element_type=\"column\" data-e-type=\"column\">\n\t\t\t<div class=\"elementor-widget-wrap elementor-element-populated\">\n\t\t\t\t\t\t<div class=\"elementor-element elementor-element-439a4686 elementor-widget__width-initial elementor-widget-mobile__width-auto elementor-widget-tablet__width-auto fluent-form-widget-step-header-yes fluent-form-widget-step-progressbar-yes fluentform-widget-submit-button-custom elementor-widget elementor-widget-fluent-form-widget\" data-id=\"439a4686\" data-element_type=\"widget\" data-e-type=\"widget\" data-widget_type=\"fluent-form-widget.default\">\n\t\t\t\t<div class=\"elementor-widget-container\">\n\t\t\t\t\t\n            <div class=\"fluentform-widget-wrapper fluentform-widget-align-right\">\n\n                            <div class=\"fluentform-widget-heading\">\n                                        <h3 class=\"fluentform-widget-title\">\n                        \u00danase hoy a miles de traders exitosos                    <\/h3>\n                                                        <\/div>\n            \n            <div class='fluentform ff-default fluentform_wrapper_9 ffs_default_wrap'><form data-form_id=\"9\" id=\"fluentform_9\" class=\"frm-fluent-form fluent_form_9 ff-el-form-top ff_form_instance_9_1 ff-form-loading ffs_default\" data-form_instance=\"ff_form_instance_9_1\" method=\"POST\" ><fieldset  style=\"border: none!important;margin: 0!important;padding: 0!important;background-color: transparent!important;box-shadow: none!important;outline: none!important; min-inline-size: 100%;\">\n                    <legend class=\"ff_screen_reader_title\" style=\"display: block; margin: 0!important;padding: 0!important;height: 0!important;text-indent: -999999px;width: 0!important;overflow:hidden;\">Registration Form(!)<\/legend><input type='hidden' name='__fluent_form_embded_post_id' value='695' \/><input type=\"hidden\" id=\"_fluentform_9_fluentformnonce\" name=\"_fluentform_9_fluentformnonce\" value=\"70a84250ae\" \/><input type=\"hidden\" name=\"_wp_http_referer\" value=\"\/es\/wp-json\/wp\/v2\/pages\/695\" \/><div data-type=\"name-element\" data-name=\"names\" class=\" ff-field_container ff-name-field-wrapper\" ><div class='ff-t-container'><div class='ff-t-cell '><div class='ff-el-group ff-el-form-hide_label'><div class=\"ff-el-input--label ff-el-is-required asterisk-right\"><label for='ff_9_names_first_name_' id='label_ff_9_names_first_name_' >Nombre<\/label><\/div><div class='ff-el-input--content'><input type=\"text\" name=\"names[first_name]\" id=\"ff_9_names_first_name_\" class=\"ff-el-form-control\" placeholder=\"Introduzca su nombre\" aria-invalid=\"false\" aria-required=true><\/div><\/div><\/div><\/div><\/div><div data-type=\"name-element\" data-name=\"names_1\" class=\" ff-field_container ff-name-field-wrapper\" ><div class='ff-t-container'><div class='ff-t-cell '><div class='ff-el-group ff-el-form-hide_label'><div class=\"ff-el-input--label ff-el-is-required asterisk-right\"><label for='ff_9_names_1_last_name_' id='label_ff_9_names_1_last_name_' >Apellidos<\/label><\/div><div class='ff-el-input--content'><input type=\"text\" name=\"names_1[last_name]\" id=\"ff_9_names_1_last_name_\" class=\"ff-el-form-control\" placeholder=\"Introduzca sus apellidos\" aria-invalid=\"false\" aria-required=true><\/div><\/div><\/div><\/div><\/div><div class='ff-el-group ff-el-form-hide_label'><div class=\"ff-el-input--label ff-el-is-required asterisk-right\"><label for='ff_9_email' id='label_ff_9_email' aria-label=\"Correo electr\u00f3nico\">Correo electr\u00f3nico<\/label><\/div><div class='ff-el-input--content'><input type=\"email\" name=\"email\" id=\"ff_9_email\" class=\"ff-el-form-control\" placeholder=\"Direcci\u00f3n de correo electr\u00f3nico\" data-name=\"email\"  aria-invalid=\"false\" aria-required=true><\/div><\/div><div class='ff-el-group ff-el-form-hide_label'><div class=\"ff-el-input--label ff-el-is-required asterisk-right\"><label for='ff_9_phone' id='label_ff_9_phone' aria-label=\"Tel\u00e9fono\/M\u00f3vil\">Tel\u00e9fono\/M\u00f3vil<\/label><\/div><div class='ff-el-input--content'><input name=\"phone\" class=\"ff-el-form-control ff-el-phone ff_el_with_extended_validation\" type=\"tel\" placeholder=\"N\u00famero de m\u00f3vil\" data-name=\"phone\" id=\"ff_9_phone\" inputmode=\"tel\"  aria-invalid='false' aria-required=true><\/div><\/div><div class='ff-el-group    ff-el-input--content'><div class='ff-el-form-check ff-el-tc'><label aria-label='T\u00e9rminos y condiciones: He le\u00eddo y acepto los T\u00e9rminos y condiciones y la Pol\u00edtica de privacidad Contiene 2 enlaces. Usa la navegaci\u00f3n por pesta\u00f1as para rese\u00f1ar.' class='ff-el-form-check-label ff_tc_label' for=terms-n-condition_201a03c9994af8f3d2302f633bbb6316><span class='ff_tc_checkbox'><input type=\"checkbox\" name=\"terms-n-condition\" class=\"ff-el-form-check-input\" data-name=\"terms-n-condition\" id=\"terms-n-condition_201a03c9994af8f3d2302f633bbb6316\"  value='on' aria-invalid='false' aria-required=true><\/span> <div class='ff_t_c'><p>He le\u00eddo y acepto los <a href=\"https:\/\/senvix.io\/es\/terminos-de-uso\/\" target=\"_blank\" rel=\"noopener\">T\u00e9rminos y condiciones<\/a> y la <a href=\"https:\/\/senvix.io\/es\/politica-de-privacidad\/\" target=\"_blank\" rel=\"noopener\">Pol\u00edtica de privacidad<\/a><\/p><\/div><\/label><\/div><\/div><div class='ff-el-group ff-text-center ff_submit_btn_wrapper'><button type=\"submit\" class=\"ff-btn ff-btn-submit ff-btn-md ff_btn_style\"  aria-label=\"Register Now\">Register Now<\/button><\/div><\/fieldset><\/form><div id='fluentform_9_errors' class='ff-errors-in-stack ff_form_instance_9_1 ff-form-loading_errors ff_form_instance_9_1_errors'><\/div><\/div>            <script type=\"text\/javascript\">\n                window.fluent_form_ff_form_instance_9_1 = {\"id\":\"9\",\"ajaxUrl\":\"https:\\\/\\\/phlintrentmereai.com\\\/wp-admin\\\/admin-ajax.php\",\"settings\":{\"layout\":{\"labelPlacement\":\"top\",\"asteriskPlacement\":\"asterisk-right\",\"helpMessagePlacement\":\"with_label\",\"errorMessagePlacement\":\"inline\",\"cssClassName\":\"\"},\"restrictions\":{\"denyEmptySubmission\":{\"enabled\":false}}},\"form_instance\":\"ff_form_instance_9_1\",\"form_id_selector\":\"fluentform_9\",\"rules\":{\"names[first_name]\":{\"required\":{\"value\":true,\"message\":\"Este campo es obligatorio\",\"global_message\":\"This field is required\",\"global\":true}},\"names[middle_name]\":{\"required\":{\"value\":false,\"message\":\"Este campo es obligatorio\",\"global_message\":\"This field is required\",\"global\":true}},\"names[last_name]\":{\"required\":{\"value\":false,\"message\":\"Este campo es obligatorio\",\"global_message\":\"This field is required\",\"global\":true}},\"names_1[first_name]\":{\"required\":{\"value\":true,\"message\":\"Este campo es obligatorio\",\"global_message\":\"This field is required\",\"global\":true}},\"names_1[middle_name]\":{\"required\":{\"value\":false,\"message\":\"Este campo es obligatorio\",\"global_message\":\"This field is required\",\"global\":true}},\"names_1[last_name]\":{\"required\":{\"value\":true,\"message\":\"Este campo es obligatorio\",\"global_message\":\"This field is required\",\"global\":true}},\"email\":{\"required\":{\"value\":true,\"message\":\"Este campo es obligatorio\",\"global_message\":\"This field is required\",\"global\":true},\"email\":{\"value\":true,\"message\":\"Este campo debe contener un correo electr\\u00f3nico v\\u00e1lido\",\"global_message\":\"This field must contain a valid email\",\"global\":true}},\"phone\":{\"required\":{\"value\":true,\"global\":true,\"message\":\"Este campo es obligatorio\",\"global_message\":\"This field is required\"},\"valid_phone_number\":{\"value\":true,\"global\":true,\"message\":\"El n\\u00famero de tel\\u00e9fono no es v\\u00e1lido \",\"global_message\":\"Phone number is not valid\"}},\"terms-n-condition\":{\"required\":{\"value\":true,\"message\":\"Este campo es obligatorio\",\"global_message\":\"This field is required\",\"global\":true}}},\"debounce_time\":300};\n                            <\/script>\n                        <\/div>\n\n            \t\t\t\t<\/div>\n\t\t\t\t<\/div>\n\t\t\t\t\t<\/div>\n\t\t<\/div>\n\t\t\t\t\t<\/div>\n\t\t<\/section>\n\t\t\t\t<\/div>\n\t\t","protected":false},"excerpt":{"rendered":"<p>Registrarse \u00danase hoy a miles de traders exitosos Registration Form(!) First NameLast NameEmailPhone\/Mobile I have read and agree to the Terms and Conditions and Privacy Policy Register Now<\/p>\n","protected":false},"author":4,"featured_media":0,"parent":0,"menu_order":0,"comment_status":"closed","ping_status":"closed","template":"","meta":{"footnotes":""},"class_list":["post-695","page","type-page","status-publish","hentry"],"_links":{"self":[{"href":"https:\/\/phlintrentmereai.com\/es\/wp-json\/wp\/v2\/pages\/695","targetHints":{"allow":["GET"]}}],"collection":[{"href":"https:\/\/phlintrentmereai.com\/es\/wp-json\/wp\/v2\/pages"}],"about":[{"href":"https:\/\/phlintrentmereai.com\/es\/wp-json\/wp\/v2\/types\/page"}],"author":[{"embeddable":true,"href":"https:\/\/phlintrentmereai.com\/es\/wp-json\/wp\/v2\/users\/4"}],"replies":[{"embeddable":true,"href":"https:\/\/phlintrentmereai.com\/es\/wp-json\/wp\/v2\/comments?post=695"}],"version-history":[{"count":3,"href":"https:\/\/phlintrentmereai.com\/es\/wp-json\/wp\/v2\/pages\/695\/revisions"}],"predecessor-version":[{"id":744,"href":"https:\/\/phlintrentmereai.com\/es\/wp-json\/wp\/v2\/pages\/695\/revisions\/744"}],"wp:attachment":[{"href":"https:\/\/phlintrentmereai.com\/es\/wp-json\/wp\/v2\/media?parent=695"}],"curies":[{"name":"wp","href":"https:\/\/api.w.org\/{rel}","templated":true}]}}