{"id":762,"date":"2024-07-18T04:05:30","date_gmt":"2024-07-18T04:05:30","guid":{"rendered":"https:\/\/senvix.io\/politica-de-privacidad\/"},"modified":"2026-02-18T10:40:29","modified_gmt":"2026-02-18T10:40:29","slug":"politica-de-privacidad","status":"publish","type":"page","link":"https:\/\/phlintrentmereai.com\/es\/politica-de-privacidad\/","title":{"rendered":"Pol\u00edtica de privacidad"},"content":{"rendered":"\t\t<div data-elementor-type=\"wp-page\" data-elementor-id=\"762\" class=\"elementor elementor-762 elementor-85\" data-elementor-settings=\"{&quot;ha_cmc_init_switcher&quot;:&quot;no&quot;}\" data-elementor-post-type=\"page\">\n\t\t\t\t\t\t<section class=\"elementor-section elementor-top-section elementor-element elementor-element-156774e elementor-section-full_width elementor-section-height-default elementor-section-height-default\" data-id=\"156774e\" data-element_type=\"section\" data-e-type=\"section\" data-settings=\"{&quot;background_background&quot;:&quot;classic&quot;,&quot;_ha_eqh_enable&quot;:false}\">\n\t\t\t\t\t\t<div class=\"elementor-container elementor-column-gap-default\">\n\t\t\t\t\t<div class=\"elementor-column elementor-col-100 elementor-top-column elementor-element elementor-element-650dae94\" data-id=\"650dae94\" data-element_type=\"column\" data-e-type=\"column\">\n\t\t\t<div class=\"elementor-widget-wrap elementor-element-populated\">\n\t\t\t\t\t\t<section class=\"elementor-section elementor-inner-section elementor-element elementor-element-2bff981a elementor-section-height-min-height elementor-section-boxed elementor-section-height-default\" data-id=\"2bff981a\" data-element_type=\"section\" data-e-type=\"section\" data-settings=\"{&quot;background_background&quot;:&quot;classic&quot;,&quot;_ha_eqh_enable&quot;:false}\">\n\t\t\t\t\t\t<div class=\"elementor-container elementor-column-gap-default\">\n\t\t\t\t\t<div class=\"elementor-column elementor-col-50 elementor-inner-column elementor-element elementor-element-179e504d\" data-id=\"179e504d\" data-element_type=\"column\" data-e-type=\"column\">\n\t\t\t<div class=\"elementor-widget-wrap elementor-element-populated\">\n\t\t\t\t\t\t<div class=\"elementor-element elementor-element-73c21c5f elementor-widget elementor-widget-heading\" data-id=\"73c21c5f\" data-element_type=\"widget\" data-e-type=\"widget\" data-widget_type=\"heading.default\">\n\t\t\t\t<div class=\"elementor-widget-container\">\n\t\t\t\t\t<h2 class=\"elementor-heading-title elementor-size-default\">Pol\u00edtica de privacidad<\/h2>\t\t\t\t<\/div>\n\t\t\t\t<\/div>\n\t\t\t\t<div class=\"elementor-element elementor-element-39567eb8 elementor-widget elementor-widget-text-editor\" data-id=\"39567eb8\" data-element_type=\"widget\" data-e-type=\"widget\" data-widget_type=\"text-editor.default\">\n\t\t\t\t<div class=\"elementor-widget-container\">\n\t\t\t\t\t\t\t\t\t<p>\u00daltima actualizaci\u00f3n: 26\/12\/2024<\/p>\t\t\t\t\t\t\t\t<\/div>\n\t\t\t\t<\/div>\n\t\t\t\t\t<\/div>\n\t\t<\/div>\n\t\t\t\t<div class=\"elementor-column elementor-col-50 elementor-inner-column elementor-element elementor-element-16bd5e76 elementor-hidden-desktop elementor-hidden-tablet\" data-id=\"16bd5e76\" data-element_type=\"column\" data-e-type=\"column\">\n\t\t\t<div class=\"elementor-widget-wrap\">\n\t\t\t\t\t\t\t<\/div>\n\t\t<\/div>\n\t\t\t\t\t<\/div>\n\t\t<\/section>\n\t\t\t\t\t<\/div>\n\t\t<\/div>\n\t\t\t\t\t<\/div>\n\t\t<\/section>\n\t\t\t\t<section class=\"elementor-section elementor-top-section elementor-element elementor-element-a8ba8f6 elementor-section-boxed elementor-section-height-default elementor-section-height-default\" data-id=\"a8ba8f6\" data-element_type=\"section\" data-e-type=\"section\" data-settings=\"{&quot;_ha_eqh_enable&quot;:false}\">\n\t\t\t\t\t\t<div class=\"elementor-container elementor-column-gap-default\">\n\t\t\t\t\t<div class=\"elementor-column elementor-col-100 elementor-top-column elementor-element elementor-element-3d33495b\" data-id=\"3d33495b\" data-element_type=\"column\" data-e-type=\"column\">\n\t\t\t<div class=\"elementor-widget-wrap elementor-element-populated\">\n\t\t\t\t\t\t<div class=\"elementor-element elementor-element-77dfd104 elementor-widget elementor-widget-text-editor\" data-id=\"77dfd104\" data-element_type=\"widget\" data-e-type=\"widget\" data-widget_type=\"text-editor.default\">\n\t\t\t\t<div class=\"elementor-widget-container\">\n\t\t\t\t\t\t\t\t\t<p>En Phlint Rentmere, estamos firmemente comprometidos con garantizar la seguridad de su informaci\u00f3n personal y preservar su privacidad.<\/p><p>Nuestra Pol\u00edtica de Privacidad est\u00e1 dise\u00f1ada para dilucidar c\u00f3mo gestionamos, recopilamos, conservamos y utilizamos la informaci\u00f3n que usted proporciona al interactuar con nuestro sitio web phlintrentmereai.com (en adelante, denominado el \u00abSitio Web\u00bb).<\/p><p>Nuestro compromiso con usted se recoge en los siguientes principios:<\/p><p>Claridad en C\u00f3mo Gestionamos Sus Datos Personales:<\/p><p>Nos adherimos a la idea de proporcionarle informaci\u00f3n completa para que pueda tomar decisiones informadas sobre el tratamiento de sus datos personales. Nos esforzamos por ofrecer informaci\u00f3n relevante sobre el procesamiento de sus datos en el momento m\u00e1s adecuado. <\/p><p>Adem\u00e1s, si reconocemos la necesidad de proporcionarle detalles espec\u00edficos, nos comprometemos a hacerlo en el momento m\u00e1s conveniente.<\/p><p>Para cualquier consulta o necesidad de aclaraci\u00f3n, estamos preparados para asistirle dentro de los l\u00edmites legales. No dude en ponerse en contacto con nosotros en support@phlintrentmereai.com <\/p><p>Procesamiento de Sus Datos Personales de Conformidad con esta Pol\u00edtica:<\/p><p>Podemos procesar sus datos personales por diversos motivos, como permitir el acceso y uso de nuestro Sitio Web, enriquecer la experiencia del usuario, perfeccionar nuestros servicios (incluido el Sitio Web), salvaguardar nuestros derechos e intereses, llevar a cabo actividades administrativas que faciliten la prestaci\u00f3n de nuestros servicios a los usuarios, cumplir con cualquier obligaci\u00f3n legal y\/o reglamentaria, y obtener informaci\u00f3n sobre sus preferencias y necesidades personales.<\/p><p>Dedicaci\u00f3n a Defender Sus Derechos en Relaci\u00f3n con Sus Datos Personales:<\/p><p>Nos comprometemos a garantizar que pueda ejercer sus derechos relativos a sus datos. Puede ponerse en contacto con nosotros en cualquier momento que desee revisar sus datos personales, solicitar su correcci\u00f3n, eliminaci\u00f3n, restringir su uso para determinados objetivos o en general, o que le sean transferidos a usted o a un tercero. Garantizamos que nuestras acciones se ajustar\u00e1n a la ley.  <\/p><p>Protecci\u00f3n de Sus Datos Personales:<\/p><p>Si bien no podemos garantizar la protecci\u00f3n total de sus datos personales, garantizamos que implementamos un conjunto completo de t\u00e9cnicas y medidas para salvaguardarlos.<\/p><p>Nuestra Pol\u00edtica de Privacidad Completa<\/p><p>1. \u00c1mbito de Aplicaci\u00f3n de la Pol\u00edtica:<\/p><p>Esta Pol\u00edtica abarca la naturaleza de los datos personales que recopilamos sobre las personas y c\u00f3mo los recopilamos, utilizamos, difundimos, protegemos, procesamos, y m\u00e1s.<\/p><p>En esta pol\u00edtica, \u00abDatos Personales\u00bb se refiere a cualquier informaci\u00f3n relacionada con un individuo identificable. Una persona identificable es aquella que puede ser identificada, directa o indirectamente, o junto con informaci\u00f3n adicional que poseemos o a la que podemos acceder. <\/p><p>El t\u00e9rmino \u00abtratamiento\u00bb en esta Pol\u00edtica significa cualquier actividad llevada a cabo sobre datos personales, incluyendo su recopilaci\u00f3n, registro, organizaci\u00f3n, almacenamiento, alteraci\u00f3n, recuperaci\u00f3n, utilizaci\u00f3n, divulgaci\u00f3n, cotejo, restricci\u00f3n, supresi\u00f3n o destrucci\u00f3n.<\/p><p>Nuestros servicios no est\u00e1n dise\u00f1ados para menores de 18 a\u00f1os. No recopilamos intencionadamente informaci\u00f3n de ni concedemos acceso a nuestros servicios a nadie menor de esta edad. Si descubrimos que se ha recopilado informaci\u00f3n de un menor, tomaremos medidas para eliminarla de inmediato.  <\/p><p>2. \u00bfCu\u00e1ndo Recopilamos Datos Personales Sobre Usted?<\/p><p>Recopilamos datos personales cuando usted interact\u00faa con nuestros Servicios, utiliza nuestros canales de servicio, navega por nuestro Sitio Web y\/o se pone en contacto con nosotros. En algunos casos, usted comparte voluntariamente estos datos con nosotros, y en otros, los recopilamos analizando sus interacciones con nuestros Servicios y canales de servicio. <\/p><p>3. Presentaci\u00f3n Voluntaria de Datos Personales y Sus Consecuencias<\/p><p>Si bien no existe obligaci\u00f3n de proporcionarnos sus datos personales, no hacerlo puede impedirnos prestar nuestros Servicios, restringir su uso del Sitio Web o afectar a la funcionalidad de nuestros Servicios y Sitio Web.<\/p><p>4. \u00bfQu\u00e9 Datos Personales Sobre Usted Recopilamos?<\/p><p>Recopilamos datos personales durante sus visitas a nuestro Sitio Web, incluido el registro de actividad en l\u00ednea, datos de tr\u00e1fico (incluida la direcci\u00f3n IP, horas y fechas de acceso, p\u00e1ginas visitadas, idioma utilizado, informes de fallos de software y tipo de navegador utilizado), e informaci\u00f3n del dispositivo. Algunos de estos datos pueden no identificarle personalmente, por lo que no califican como Datos Personales. <\/p><p>Tambi\u00e9n recopilamos cualquier dato personal que usted comparta voluntariamente con nosotros cuando se ponga en contacto con nosotros.<\/p><p>Por \u00faltimo, recopilamos datos personales que usted proporciona expresamente para su transmisi\u00f3n a terceros, como su nombre y direcci\u00f3n de correo electr\u00f3nico.<\/p><p>5. Justificaci\u00f3n y Bases Legales para el Procesamiento de Datos Personales<\/p><p>La Compa\u00f1\u00eda utiliza sus Datos Personales para determinados fines delimitados, adhiri\u00e9ndose estrictamente a las respectivas bases legales.<\/p><p>Solo procesamos sus Datos Personales si existe una base legal justificable. Las bases legales sobre las que podemos procesar sus Datos Personales incluyen: <\/p><p>\u2013 Usted ha consentido expresamente el procesamiento de sus Datos Personales para uno o m\u00e1s fines espec\u00edficos. Esto se aplica a situaciones en las que usted presenta voluntariamente su informaci\u00f3n a trav\u00e9s del Sitio Web para que la compartamos con terceros. <\/p><p>\u2013 La necesidad de procesamiento corresponde a los intereses leg\u00edtimos perseguidos por la Compa\u00f1\u00eda o por un tercero. Esto podr\u00eda incluir, por ejemplo, mejorar nuestros Servicios o gestionar o defender reclamaciones legales. <\/p><p>\u2013 El procesamiento es esencial para el cumplimiento de una obligaci\u00f3n legal a la que est\u00e1 sujeta la Compa\u00f1\u00eda.<\/p><p>En cualquier momento, puede ponerse en contacto con nosotros enviando un correo electr\u00f3nico a support@phlintrentmereai.com para obtener informaci\u00f3n sobre nuestro proceso de revisi\u00f3n. Esto le proporcionar\u00e1 informaci\u00f3n sobre si procesamos sus Datos Personales bas\u00e1ndonos en la necesidad de intereses leg\u00edtimos perseguidos por la Compa\u00f1\u00eda o por un tercero. <\/p><p>A continuaci\u00f3n se presenta un desglose de los fines para los que podemos procesar sus Datos Personales y las bases legales para dicho procesamiento:<\/p><p>| # | Finalidad | Base Legal |<\/p><p>| 1 | Difundir sus datos con terceros a petici\u00f3n suya | Su consentimiento expl\u00edcito |<\/p><p>| 2 | Atender sus consultas, solicitudes y\/o reclamaciones | Intereses leg\u00edtimos perseguidos por la Compa\u00f1\u00eda o un tercero |<\/p><p>| 3 | Cumplir con cualquier obligaci\u00f3n legal u orden judicial o administrativa | Obligaci\u00f3n legal |<\/p><p>| 4 | Mejorar nuestros Servicios | Intereses leg\u00edtimos perseguidos por la Compa\u00f1\u00eda o un tercero |<\/p><p>| 5 | Prevenir el uso fraudulento o abusivo de nuestros Servicios | Intereses leg\u00edtimos perseguidos por la Compa\u00f1\u00eda o un tercero |<\/p><p>| 6 | Llevar a cabo y mantener diversas actividades de apoyo para nuestros Servicios | Intereses leg\u00edtimos perseguidos por la Compa\u00f1\u00eda o un tercero |<\/p><p>| 7 | Realizar an\u00e1lisis, incluido el an\u00e1lisis estad\u00edstico | Intereses leg\u00edtimos perseguidos por la Compa\u00f1\u00eda o un tercero |<\/p><p>| 8 | Proteger nuestros intereses, derechos y activos y los de terceros | Intereses leg\u00edtimos perseguidos por la Compa\u00f1\u00eda o un tercero |<\/p><p>6. Difusi\u00f3n de Datos Personales a Terceros<\/p><p>La Compa\u00f1\u00eda puede divulgar sus Datos Personales a proveedores de servicios externos, como proveedores de almacenamiento y alojamiento, analistas de informaci\u00f3n de direcciones IP, y aquellos que ofrecen investigaci\u00f3n de experiencia de usuario, servicios anal\u00edticos, t\u00e9cnicos y de diagn\u00f3stico.<\/p><p>Adem\u00e1s, a petici\u00f3n suya, podemos compartir determinados Datos Personales con plataformas de trading de Bitcoin de terceros. En estos casos, sus datos se gestionan de acuerdo con sus respectivas pol\u00edticas de privacidad. <\/p><p>La Compa\u00f1\u00eda tambi\u00e9n puede distribuir sus Datos Personales entre sus entidades afiliadas y socios comerciales que permitan a la Compa\u00f1\u00eda mejorar y perfeccionar los servicios y productos ofrecidos a los usuarios.<\/p><p>Podemos divulgar sus Datos Personales a entidades gubernamentales, autoridades locales y entidades reguladoras, as\u00ed como para proteger nuestros intereses, derechos y activos y los de terceros, incluido el inicio, ejercicio o defensa de reclamaciones legales.<\/p><p>Adem\u00e1s, sus Datos Personales pueden divulgarse a posibles compradores, inversores o prestamistas de la Compa\u00f1\u00eda y\/o de cualquier empresa de su grupo, o durante cualquier transacci\u00f3n similar (incluida la venta de activos de la Compa\u00f1\u00eda) y\/o en relaci\u00f3n con cualquier fusi\u00f3n, reorganizaci\u00f3n, consolidaci\u00f3n o quiebra de la Compa\u00f1\u00eda o de cualquier empresa de su grupo.<\/p><p>7. Uso de Cookies y Servicios Externos<\/p><p>Podr\u00edamos utilizar servicios proporcionados por terceros, como empresas anal\u00edticas o aquellas que suministran publicidad en nuestra Plataforma. Estos terceros tambi\u00e9n pueden aprovechar cookies o tecnolog\u00edas alternativas, y sus acciones se rigen por sus pol\u00edticas independientes. <\/p><p>Las cookies, que son esencialmente archivos de texto en miniatura, se instalan en su dispositivo cuando visita o accede a nuestra Plataforma. Estas facilitan nuestra recopilaci\u00f3n de informaci\u00f3n sobre usted y su comportamiento, ayud\u00e1ndonos a mejorar su experiencia de usuario, recordar sus preferencias, personalizar el contenido y generar datos anal\u00edticos. <\/p><p>Algunas cookies, conocidas como cookies de sesi\u00f3n, son ef\u00edmeras y perduran solo hasta que se cierra su navegador web, mientras que otras, llamadas cookies persistentes, permanecen en su dispositivo incluso despu\u00e9s de que deje de navegar y ayudan a nuestra Plataforma a identificarle como usuario recurrente.<\/p><p>Empleamos las siguientes categor\u00edas de cookies:<\/p><p>| Tipo de Cookie | Funci\u00f3n |<\/p><p>| \u2013 | \u2013 |<\/p><p>| Cookies Necesarias | Esenciales para la navegaci\u00f3n y las funciones solicitadas |<\/p><p>| Cookies de Funcionalidad | Le reconocen al regresar y recuerdan sus elecciones |<\/p><p>| Cookies de Rendimiento | Generan estad\u00edsticas agregadas y prueban, mejoran el rendimiento |<\/p><p>Tenga en cuenta que puede modificar la configuraci\u00f3n de su navegador para bloquear o eliminar algunas o todas las cookies. Sin embargo, esto puede afectar a las funcionalidades de nuestra Plataforma. <\/p><p>Aviso de Seguimiento en L\u00ednea: En este momento, nuestro servicio no reconoce las solicitudes de No Rastrear.<\/p><p>8. Conservaci\u00f3n de Datos Personales<\/p><p>Conservaremos sus Datos Personales durante el tiempo necesario para cumplir con las finalidades de procesamiento mencionadas en esta Pol\u00edtica, o durante m\u00e1s tiempo si lo exigen las leyes, reglamentos o directrices pertinentes.<\/p><p>Realizamos ex\u00e1menes rutinarios de los Datos Personales que tenemos para determinar si alguno puede eliminarse, garantizando que no se conserven datos m\u00e1s tiempo del necesario.<\/p><p>9. Transferencia de Datos Personales a Terceros Pa\u00edses o Entidades Internacionales<\/p><p>Sus Datos Personales pueden transferirse a un tercer pa\u00eds (un pa\u00eds distinto de su lugar de residencia) o a entidades internacionales. En tales situaciones, nos aseguramos de que existan salvaguardias apropiadas para proteger sus Datos Personales y ofrecer derechos exigibles del interesado y recursos legales efectivos. <\/p><p>Para los residentes del Espacio Econ\u00f3mico Europeo (EEE), estas salvaguardias ser\u00e1n aplicables si se cumple alguna de las siguientes condiciones:<\/p><p>\u2013 La Comisi\u00f3n de la UE ha reconocido que el tercer pa\u00eds o entidad internacional proporciona protecci\u00f3n suficiente a los Datos Personales transferidos a ellos.<\/p><p>\u2013 La transferencia se basa en un acuerdo jur\u00eddicamente vinculante y exigible entre autoridades u organismos p\u00fablicos.<\/p><p>\u2013 La transferencia cumple con las cl\u00e1usulas contractuales tipo de protecci\u00f3n de datos adoptadas por la Comisi\u00f3n de la UE.<\/p><p>Para consultas sobre las salvaguardias que utilizamos para las transferencias de datos, env\u00ede un correo electr\u00f3nico a: <a href=\"mailto:support@phlintrentmereai.com\">support@phlintrentmereai.com<\/a><\/p><p>10. Protecci\u00f3n de Datos Personales<\/p><p>Implementamos medidas t\u00e9cnicas y organizativas adecuadas para mantener un nivel satisfactorio de seguridad de los Datos Personales, dados los riesgos asociados con el procesamiento.<\/p><p>Debido a ciertas obligaciones legales o de otro tipo fuera de nuestro control, es posible que necesitemos transferir Datos Personales a terceros, como autoridades p\u00fablicas. En estos casos, nuestro control sobre la protecci\u00f3n proporcionada a sus Datos Personales por estos terceros es limitado. <\/p><p>Tenga en cuenta que la transferencia de datos a trav\u00e9s de internet no puede ser absolutamente segura y, como resultado, no podemos garantizar la protecci\u00f3n completa de los Datos Personales que nos transmita a trav\u00e9s de internet.<\/p><p>11. Enlaces a Sitios Web Externos<\/p><p>Nuestra Plataforma puede contener enlaces a sitios web o aplicaciones de terceros. No gestionamos estos sitios o aplicaciones externos, ni supervisamos su recopilaci\u00f3n o gesti\u00f3n de sus Datos Personales. No somos responsables de las pr\u00e1cticas o pol\u00edticas de estos sitios o aplicaciones de terceros, incluidas sus pol\u00edticas de privacidad y protecci\u00f3n de datos. Nuestra Pol\u00edtica no supervisa las acciones realizadas a trav\u00e9s de estos sitios o aplicaciones externos.   <\/p><p>Le recomendamos que revise detenidamente las pol\u00edticas de privacidad de estos sitios o aplicaciones de terceros antes de utilizarlos y antes de divulgar cualquiera de sus Datos Personales.<\/p><p>12. Cambios en la Pol\u00edtica<\/p><p>Podemos modificar peri\u00f3dicamente los t\u00e9rminos de esta Pol\u00edtica. Le notificaremos estas modificaciones publicando la Pol\u00edtica actualizada en nuestra Plataforma. Para cambios sustanciales en esta Pol\u00edtica, emprenderemos esfuerzos para informarle a trav\u00e9s de los m\u00e9todos de comunicaci\u00f3n m\u00e1s adecuados y emitiendo un aviso en nuestra Plataforma. Todos los cambios entrar\u00e1n en vigor inmediatamente tras la publicaci\u00f3n de la Pol\u00edtica actualizada en nuestra Plataforma.   <\/p><p>13. Sus Derechos de Protecci\u00f3n de Datos<\/p><p>Como norma general, usted tiene derecho a preguntar si estamos recopilando Datos Personales sobre usted, a revisar estos datos, a solicitar rectificaciones si es necesario, y a solicitar la eliminaci\u00f3n de Datos Personales que ya no necesitemos. Tambi\u00e9n tiene derecho a limitar su consentimiento a determinadas operaciones de procesamiento de datos. <\/p><p>Para los residentes del EEE, tenga en cuenta lo siguiente:<\/p><p>Puede ejercer los derechos que se detallan a continuaci\u00f3n con respecto a sus Datos Personales enviando una solicitud a nuestro correo electr\u00f3nico: <a href=\"mailto:support@phlintrentmereai.com\">support@phlintrentmereai.com<\/a>.<\/p><p>Derecho de Acceso<\/p><p>Puede solicitar confirmaci\u00f3n de si estamos procesando Datos Personales sobre usted. Si es as\u00ed, puede acceder a estos datos y recibir informaci\u00f3n adicional, incluidas las finalidades del procesamiento, las categor\u00edas de datos, los destinatarios y los per\u00edodos de conservaci\u00f3n de datos. Si los datos no se recopilan directamente de usted, puede preguntar sobre su origen y si se utilizan para la elaboraci\u00f3n de perfiles. Si los datos se transfieren fuera del EEE, puede consultar sobre las salvaguardias.   <\/p><p>Podemos proporcionar una copia de los datos que se est\u00e1n procesando, aunque las copias adicionales pueden conllevar una tarifa. Si se solicita electr\u00f3nicamente, entregaremos la informaci\u00f3n en un formato electr\u00f3nico de uso com\u00fan, a menos que se especifique lo contrario. <\/p><p>Derecho de Rectificaci\u00f3n<\/p><p>Si sus Datos Personales son incorrectos, puede solicitar su rectificaci\u00f3n. Teniendo en cuenta las finalidades del procesamiento, tambi\u00e9n puede solicitar que se completen los datos incompletos sobre usted. <\/p><p>Derecho de Supresi\u00f3n<\/p><p>Puede solicitar la supresi\u00f3n de sus Datos Personales en determinadas circunstancias. Sin embargo, este derecho no se aplica cuando el procesamiento es necesario para cumplir con obligaciones legales o defender reclamaciones legales. <\/p><p>Derecho a Restringir<\/p><p>el Procesamiento En determinadas circunstancias, puede solicitar una limitaci\u00f3n del procesamiento de sus Datos Personales.<\/p><p>Derecho a la Portabilidad de los Datos<\/p><p>Puede solicitar sus Datos Personales en un formato estructurado, de uso com\u00fan y legible por m\u00e1quina, y tiene derecho a transmitir estos datos a otro responsable del tratamiento, bajo determinadas condiciones.<\/p><p>Derecho de Oposici\u00f3n<\/p><p>Puede oponerse al procesamiento de sus Datos Personales basado en intereses leg\u00edtimos perseguidos por nosotros o por un tercero. Tambi\u00e9n puede oponerse al procesamiento con fines de marketing directo. <\/p><p>Derecho de Retirada<\/p><p>Puede retirar su consentimiento para el procesamiento de datos en cualquier momento, sin afectar a la legalidad del procesamiento realizado antes de la retirada.<\/p><p>Derecho a Presentar una Reclamaci\u00f3n<\/p><p>Tiene derecho a presentar una reclamaci\u00f3n ante una autoridad de control de la UE con respecto al procesamiento de Datos Personales.<\/p><p>Tenga en cuenta que sus derechos pueden estar sujetos a limitaciones de acuerdo con la legislaci\u00f3n de la UE o de los Estados miembros.<\/p><p>Responderemos a sus solicitudes sin demora injustificada y en el plazo de un mes desde su recepci\u00f3n. Este per\u00edodo puede ampliarse dos meses adicionales si es necesario, debido a la complejidad o el volumen de solicitudes. En tal caso, le informaremos en el plazo de un mes desde la recepci\u00f3n de su solicitud, explicando los motivos de la demora.  <\/p><p>Sus solicitudes se procesar\u00e1n de forma gratuita, a menos que sean manifiestamente infundadas o excesivas, en cuyo caso podemos cobrar una tarifa razonable o negarnos a actuar sobre la solicitud.<\/p><p>Para la verificaci\u00f3n de identidad, podemos solicitar informaci\u00f3n adicional si tenemos dudas razonables sobre la identidad de la persona que realiza la solicitud.<\/p>\t\t\t\t\t\t\t\t<\/div>\n\t\t\t\t<\/div>\n\t\t\t\t\t<\/div>\n\t\t<\/div>\n\t\t\t\t\t<\/div>\n\t\t<\/section>\n\t\t\t\t<\/div>\n\t\t","protected":false},"excerpt":{"rendered":"<p>Pol\u00edtica de privacidad \u00daltima actualizaci\u00f3n: 26\/12\/2024 En Phlint Rentmere, estamos firmemente comprometidos con garantizar la seguridad de su informaci\u00f3n personal y preservar su privacidad. Nuestra Pol\u00edtica de Privacidad est\u00e1 dise\u00f1ada para dilucidar c\u00f3mo gestionamos, recopilamos, conservamos y utilizamos la informaci\u00f3n que usted proporciona al interactuar con nuestro sitio web phlintrentmereai.com (en adelante, denominado el \u00abSitio [&hellip;]<\/p>\n","protected":false},"author":4,"featured_media":0,"parent":0,"menu_order":0,"comment_status":"closed","ping_status":"closed","template":"","meta":{"footnotes":""},"class_list":["post-762","page","type-page","status-publish","hentry"],"_links":{"self":[{"href":"https:\/\/phlintrentmereai.com\/es\/wp-json\/wp\/v2\/pages\/762","targetHints":{"allow":["GET"]}}],"collection":[{"href":"https:\/\/phlintrentmereai.com\/es\/wp-json\/wp\/v2\/pages"}],"about":[{"href":"https:\/\/phlintrentmereai.com\/es\/wp-json\/wp\/v2\/types\/page"}],"author":[{"embeddable":true,"href":"https:\/\/phlintrentmereai.com\/es\/wp-json\/wp\/v2\/users\/4"}],"replies":[{"embeddable":true,"href":"https:\/\/phlintrentmereai.com\/es\/wp-json\/wp\/v2\/comments?post=762"}],"version-history":[{"count":2,"href":"https:\/\/phlintrentmereai.com\/es\/wp-json\/wp\/v2\/pages\/762\/revisions"}],"predecessor-version":[{"id":764,"href":"https:\/\/phlintrentmereai.com\/es\/wp-json\/wp\/v2\/pages\/762\/revisions\/764"}],"wp:attachment":[{"href":"https:\/\/phlintrentmereai.com\/es\/wp-json\/wp\/v2\/media?parent=762"}],"curies":[{"name":"wp","href":"https:\/\/api.w.org\/{rel}","templated":true}]}}