{"id":830,"date":"2024-07-18T04:05:28","date_gmt":"2024-07-18T04:05:28","guid":{"rendered":"https:\/\/senvix.io\/conditions-dutilisation\/"},"modified":"2026-03-02T18:02:07","modified_gmt":"2026-03-02T18:02:07","slug":"conditions-dutilisation","status":"publish","type":"page","link":"https:\/\/phlintrentmereai.com\/fr\/conditions-dutilisation\/","title":{"rendered":"Conditions d\u2019utilisation"},"content":{"rendered":"\t\t<div data-elementor-type=\"wp-page\" data-elementor-id=\"830\" class=\"elementor elementor-830 elementor-81\" data-elementor-settings=\"{&quot;ha_cmc_init_switcher&quot;:&quot;no&quot;}\" data-elementor-post-type=\"page\">\n\t\t\t\t\t\t<section class=\"elementor-section elementor-top-section elementor-element elementor-element-74e95e84 elementor-section-full_width elementor-section-height-default elementor-section-height-default\" data-id=\"74e95e84\" data-element_type=\"section\" data-e-type=\"section\" data-settings=\"{&quot;background_background&quot;:&quot;classic&quot;,&quot;_ha_eqh_enable&quot;:false}\">\n\t\t\t\t\t\t<div class=\"elementor-container elementor-column-gap-default\">\n\t\t\t\t\t<div class=\"elementor-column elementor-col-100 elementor-top-column elementor-element elementor-element-76acfa33\" data-id=\"76acfa33\" data-element_type=\"column\" data-e-type=\"column\">\n\t\t\t<div class=\"elementor-widget-wrap elementor-element-populated\">\n\t\t\t\t\t\t<section class=\"elementor-section elementor-inner-section elementor-element elementor-element-254ce586 elementor-section-height-min-height elementor-section-boxed elementor-section-height-default\" data-id=\"254ce586\" data-element_type=\"section\" data-e-type=\"section\" data-settings=\"{&quot;background_background&quot;:&quot;classic&quot;,&quot;_ha_eqh_enable&quot;:false}\">\n\t\t\t\t\t\t<div class=\"elementor-container elementor-column-gap-default\">\n\t\t\t\t\t<div class=\"elementor-column elementor-col-50 elementor-inner-column elementor-element elementor-element-4438e4d2\" data-id=\"4438e4d2\" data-element_type=\"column\" data-e-type=\"column\">\n\t\t\t<div class=\"elementor-widget-wrap elementor-element-populated\">\n\t\t\t\t\t\t<div class=\"elementor-element elementor-element-3f1b815e elementor-widget elementor-widget-heading\" data-id=\"3f1b815e\" data-element_type=\"widget\" data-e-type=\"widget\" data-widget_type=\"heading.default\">\n\t\t\t\t<div class=\"elementor-widget-container\">\n\t\t\t\t\t<h2 class=\"elementor-heading-title elementor-size-default\">Conditions d\u2019utilisation<\/h2>\t\t\t\t<\/div>\n\t\t\t\t<\/div>\n\t\t\t\t<div class=\"elementor-element elementor-element-5e1f9ae6 elementor-widget elementor-widget-text-editor\" data-id=\"5e1f9ae6\" data-element_type=\"widget\" data-e-type=\"widget\" data-widget_type=\"text-editor.default\">\n\t\t\t\t<div class=\"elementor-widget-container\">\n\t\t\t\t\t\t\t\t\t<p>Derni\u00e8re mise \u00e0 jour : 26\/12\/2024<\/p>\t\t\t\t\t\t\t\t<\/div>\n\t\t\t\t<\/div>\n\t\t\t\t\t<\/div>\n\t\t<\/div>\n\t\t\t\t<div class=\"elementor-column elementor-col-50 elementor-inner-column elementor-element elementor-element-4a2d216a\" data-id=\"4a2d216a\" data-element_type=\"column\" data-e-type=\"column\">\n\t\t\t<div class=\"elementor-widget-wrap\">\n\t\t\t\t\t\t\t<\/div>\n\t\t<\/div>\n\t\t\t\t\t<\/div>\n\t\t<\/section>\n\t\t\t\t\t<\/div>\n\t\t<\/div>\n\t\t\t\t\t<\/div>\n\t\t<\/section>\n\t\t\t\t<section class=\"elementor-section elementor-top-section elementor-element elementor-element-fa15d25 elementor-section-boxed elementor-section-height-default elementor-section-height-default\" data-id=\"fa15d25\" data-element_type=\"section\" data-e-type=\"section\" data-settings=\"{&quot;_ha_eqh_enable&quot;:false}\">\n\t\t\t\t\t\t<div class=\"elementor-container elementor-column-gap-default\">\n\t\t\t\t\t<div class=\"elementor-column elementor-col-100 elementor-top-column elementor-element elementor-element-222eef49\" data-id=\"222eef49\" data-element_type=\"column\" data-e-type=\"column\">\n\t\t\t<div class=\"elementor-widget-wrap elementor-element-populated\">\n\t\t\t\t\t\t<div class=\"elementor-element elementor-element-17ee59f elementor-widget elementor-widget-text-editor\" data-id=\"17ee59f\" data-element_type=\"widget\" data-e-type=\"widget\" data-widget_type=\"text-editor.default\">\n\t\t\t\t<div class=\"elementor-widget-container\">\n\t\t\t\t\t\t\t\t\t<h3>1. Introduction<\/h3><p><strong>1.1<\/strong> Bienvenue sur notre site web, Phlint Rentmere, <a href=\"https:\/\/phlintrentmereai.com\/fr\/\">phlintrentmereai.com<\/a> (\u00ab Site \u00bb).  <\/p><p><strong>1.2<\/strong> Notre Site est un r\u00e9pertoire d\u2019informations sur des plateformes de trading tierces (\u00ab Plateformes tierces \u00bb) et les services correspondants (\u00ab Services \u00bb).<\/p><p><strong>1.3<\/strong> Votre utilisation (\u00ab Vous \u00bb, \u00ab Votre \u00bb ou \u00ab Utilisateur \u00bb) de notre Site et de nos Services est r\u00e9gie par les pr\u00e9sentes Conditions d\u2019utilisation (\u00ab Conditions \u00bb). Nous vous invitons \u00e0 lire attentivement ces Conditions. Votre acc\u00e8s ou votre utilisation de notre Site et de nos Services vaut acceptation des Conditions. Si vous n\u2019acceptez pas un quelconque aspect de ces Conditions, vous devez vous abstenir d\u2019utiliser notre Site et nos Services.   <\/p><p><strong>1.4<\/strong> Notre Politique de confidentialit\u00e9 fait partie int\u00e9grante des pr\u00e9sentes Conditions. En acceptant ces Conditions, vous acceptez et consentez automatiquement \u00e0 notre <a href=\"https:\/\/phlintrentmereai.com\/privacy-policy\/\">Politique de confidentialit\u00e9<\/a>. <\/p><h3>2. \u00c9ligibilit\u00e9<\/h3><p><strong>2.1<\/strong> Pour utiliser notre Site et nos Services, assurez-vous de :<\/p><p><strong>2.1.1<\/strong> Avoir au moins 18 ans ;<\/p><p><strong>2.1.2<\/strong> Disposer du droit, de l\u2019autorit\u00e9 et de la capacit\u00e9 de consentir aux pr\u00e9sentes Conditions et de les respecter ;<\/p><p><strong>2.1.3<\/strong> Ne faire l\u2019objet d\u2019aucun emp\u00eachement l\u00e9gal d\u2019utiliser notre Site et nos Services en vertu de vos lois locales.<\/p><h3>3. Zones restreintes<\/h3><p><strong>3.1<\/strong> Certains territoires ou certaines cat\u00e9gories d\u2019utilisateurs peuvent faire l\u2019objet de restrictions ou d\u2019une interdiction d\u2019acc\u00e8s \u00e0 notre Site et \u00e0 nos Services pour des raisons juridiques, r\u00e9glementaires ou de gestion des risques.<\/p><p><strong>3.2<\/strong> Les utilisateurs de certains pays peuvent devoir satisfaire \u00e0 des conditions ou exigences suppl\u00e9mentaires. Si vous acc\u00e9dez \u00e0 l\u2019un des Territoires restreints, il se peut que notre Site et nos Services soient indisponibles ou bloqu\u00e9s. <\/p><h3>4. Activit\u00e9s interdites<\/h3><p><strong>4.1<\/strong> Lors de l\u2019utilisation de notre Site et de nos Services, abstenez-vous de toute activit\u00e9 qui :<\/p><p><strong>4.1.1<\/strong> Porte atteinte \u00e0 des droits, y compris les droits de propri\u00e9t\u00e9 intellectuelle, les droits \u00e0 la vie priv\u00e9e ou tout autre droit ;<\/p><p><strong>4.1.2<\/strong> Contient du contenu nuisible, offensant, diffamatoire, raciste ou inappropri\u00e9 ;<\/p><p><strong>4.1.3<\/strong> Implique le d\u00e9ploiement de virus ou de logiciels malveillants ;<\/p><p><strong>4.1.4<\/strong> Enfreint toute loi ;<\/p><p><strong>4.1.5<\/strong> Perturbe l\u2019utilisation du Site ou des Services par d\u2019autres Utilisateurs.<\/p><h3>5. Droits de propri\u00e9t\u00e9 intellectuelle<\/h3><p><strong>5.1<\/strong> Le contenu de notre Site, y compris les textes, graphiques, logos et logiciels, nous appartient ou appartient \u00e0 nos conc\u00e9dants de licence et est prot\u00e9g\u00e9 par les lois sur la propri\u00e9t\u00e9 intellectuelle.<\/p><p><strong>5.2<\/strong> Votre utilisation de notre Site et de nos Services ne vous conf\u00e8re aucun droit sur notre propri\u00e9t\u00e9 intellectuelle ni sur celle de tiers.<\/p><h3>6. Limitation de responsabilit\u00e9<\/h3><p><strong>6.1<\/strong> Le Site et les Services sont fournis \u00ab en l\u2019\u00e9tat \u00bb et \u00ab selon disponibilit\u00e9 \u00bb, sans aucune garantie expresse ou implicite quant \u00e0 l\u2019exactitude, la fiabilit\u00e9, l\u2019ad\u00e9quation ou la disponibilit\u00e9 du Site, des Services ou des \u00e9l\u00e9ments graphiques associ\u00e9s.<\/p><p><strong>6.2<\/strong> Nous d\u00e9clinons toute responsabilit\u00e9 pour toute perte ou tout dommage, direct ou indirect, r\u00e9sultant de l\u2019utilisation de notre Site ou de nos Services ou y \u00e9tant li\u00e9.<\/p><h3>7. Services ou contenus de tiers<\/h3><p><strong>7.1<\/strong> Nos Services peuvent inclure des contenus ou des services fournis par des tiers. Nous ne contr\u00f4lons pas ces contenus ou services, ne les approuvons pas et n\u2019en assumons aucune responsabilit\u00e9. <\/p><h3>8. Liens vers d\u2019autres sites web<\/h3><p><strong>8.1<\/strong> Des liens vers des sites web tiers peuvent \u00eatre propos\u00e9s sur notre Site pour votre commodit\u00e9. Nous n\u2019exer\u00e7ons aucun contr\u00f4le sur ces sites ou ressources et n\u2019assumons aucune responsabilit\u00e9 \u00e0 leur \u00e9gard. <\/p><h3>9. Modifications des pr\u00e9sentes Conditions<\/h3><p><strong>9.1<\/strong> Nous nous r\u00e9servons le droit de modifier les pr\u00e9sentes Conditions \u00e0 tout moment si n\u00e9cessaire. Nous vous informerons de toute modification en publiant les Conditions mises \u00e0 jour sur cette page. <\/p><p><strong>9.2<\/strong> Consultez r\u00e9guli\u00e8rement les pr\u00e9sentes Conditions afin de prendre connaissance d\u2019\u00e9ventuelles modifications. Toute modification des pr\u00e9sentes Conditions prend effet d\u00e8s sa publication sur cette page. <\/p><h3>10. R\u00e9siliation<\/h3><p><strong>10.1<\/strong> Nous nous r\u00e9servons le droit de r\u00e9silier ou de suspendre imm\u00e9diatement votre acc\u00e8s \u00e0 notre Site et \u00e0 nos Services, sans pr\u00e9avis ni responsabilit\u00e9, en cas de violation des pr\u00e9sentes Conditions.<\/p><h3>11. Droit applicable et juridiction comp\u00e9tente<\/h3><p><strong>11.1<\/strong> Les pr\u00e9sentes Conditions sont interpr\u00e9t\u00e9es et r\u00e9gies par les lois de la juridiction de notre soci\u00e9t\u00e9, ind\u00e9pendamment de ses r\u00e8gles de conflit de lois.<\/p><p><strong>11.2<\/strong> Vous acceptez la comp\u00e9tence exclusive des tribunaux de la juridiction de notre soci\u00e9t\u00e9 pour le r\u00e8glement de tout litige d\u00e9coulant des pr\u00e9sentes Conditions, du Site ou des Services, ou s\u2019y rapportant.<\/p>\t\t\t\t\t\t\t\t<\/div>\n\t\t\t\t<\/div>\n\t\t\t\t\t<\/div>\n\t\t<\/div>\n\t\t\t\t\t<\/div>\n\t\t<\/section>\n\t\t\t\t<\/div>\n\t\t","protected":false},"excerpt":{"rendered":"<p>Conditions d\u2019utilisation Derni\u00e8re mise \u00e0 jour : 26\/12\/2024 1. Introduction 1.1 Bienvenue sur notre site web, Phlint Rentmere, phlintrentmereai.com (\u00ab Site \u00bb). 1.2 Notre Site est un r\u00e9pertoire d\u2019informations sur des plateformes de trading tierces (\u00ab Plateformes tierces \u00bb) et les services correspondants (\u00ab Services \u00bb). 1.3 Votre utilisation (\u00ab Vous \u00bb, \u00ab Votre \u00bb [&hellip;]<\/p>\n","protected":false},"author":4,"featured_media":0,"parent":0,"menu_order":0,"comment_status":"closed","ping_status":"closed","template":"","meta":{"footnotes":""},"class_list":["post-830","page","type-page","status-publish","hentry"],"_links":{"self":[{"href":"https:\/\/phlintrentmereai.com\/fr\/wp-json\/wp\/v2\/pages\/830","targetHints":{"allow":["GET"]}}],"collection":[{"href":"https:\/\/phlintrentmereai.com\/fr\/wp-json\/wp\/v2\/pages"}],"about":[{"href":"https:\/\/phlintrentmereai.com\/fr\/wp-json\/wp\/v2\/types\/page"}],"author":[{"embeddable":true,"href":"https:\/\/phlintrentmereai.com\/fr\/wp-json\/wp\/v2\/users\/4"}],"replies":[{"embeddable":true,"href":"https:\/\/phlintrentmereai.com\/fr\/wp-json\/wp\/v2\/comments?post=830"}],"version-history":[{"count":2,"href":"https:\/\/phlintrentmereai.com\/fr\/wp-json\/wp\/v2\/pages\/830\/revisions"}],"predecessor-version":[{"id":832,"href":"https:\/\/phlintrentmereai.com\/fr\/wp-json\/wp\/v2\/pages\/830\/revisions\/832"}],"wp:attachment":[{"href":"https:\/\/phlintrentmereai.com\/fr\/wp-json\/wp\/v2\/media?parent=830"}],"curies":[{"name":"wp","href":"https:\/\/api.w.org\/{rel}","templated":true}]}}